{"id":10349,"date":"2025-10-26T06:24:04","date_gmt":"2025-10-26T06:24:04","guid":{"rendered":"https:\/\/oh-sheets.com\/comfortmills\/?page_id=10349"},"modified":"2025-11-11T01:16:26","modified_gmt":"2025-11-11T01:16:26","slug":"microfibra","status":"publish","type":"page","link":"https:\/\/oh-sheets.com\/comfortmills\/materiales\/microfibra\/","title":{"rendered":"Microfibra"},"content":{"rendered":"\t\t<div data-elementor-type=\"wp-page\" data-elementor-id=\"10349\" class=\"elementor elementor-10349\">\n\t\t\t\t<div class=\"elementor-element elementor-element-c1102ed e-flex e-con-boxed e-con e-parent\" data-id=\"c1102ed\" data-element_type=\"container\" data-e-type=\"container\" data-settings=\"{&quot;background_background&quot;:&quot;classic&quot;}\">\r\n\t\t\t\t\t<div class=\"e-con-inner\">\r\n\t\t<div class=\"elementor-element elementor-element-288dd71 e-con-full e-flex e-con e-child\" data-id=\"288dd71\" data-element_type=\"container\" data-e-type=\"container\">\r\n\t\t<div class=\"elementor-element elementor-element-002eb7d e-con-full e-flex e-con e-child\" data-id=\"002eb7d\" data-element_type=\"container\" data-e-type=\"container\">\r\n\t\t\t\t<div class=\"elementor-element elementor-element-1bab826 elementor-widget elementor-widget-porto_ultimate_heading\" data-id=\"1bab826\" data-element_type=\"widget\" data-e-type=\"widget\" data-widget_type=\"porto_ultimate_heading.default\">\n\t\t\t\t\t<div class=\"porto-u-heading  porto-u-55ca8359258f9a412be7e73af65d2aac\"><div class=\"porto-u-main-heading\"><h2   >Microfibra<\/h2><\/div><style>.porto-u-55ca8359258f9a412be7e73af65d2aac.porto-u-heading{text-align:center}<\/style><\/div>\t\t\t\t<\/div>\n\t\t\t\t<\/div>\n\t\t<div class=\"elementor-element elementor-element-ed7e7be e-con-full e-flex e-con e-child\" data-id=\"ed7e7be\" data-element_type=\"container\" data-e-type=\"container\">\r\n\t\t<div class=\"elementor-element elementor-element-d1350d9 e-con-full e-flex e-con e-child\" data-id=\"d1350d9\" data-element_type=\"container\" data-e-type=\"container\">\r\n\t\t<a class=\"elementor-element elementor-element-b9e99f0 e-con-full e-flex e-con e-child\" data-id=\"b9e99f0\" data-element_type=\"container\" data-e-type=\"container\" data-settings=\"{&quot;background_background&quot;:&quot;classic&quot;}\" href=\"https:\/\/oh-sheets.com\/comfortmills\/producto\/juego-de-edredon-comfort-mills\/\">\r\n\t\t<div class=\"elementor-element elementor-element-ac03cf8 e-con-full e-flex e-con e-child\" data-id=\"ac03cf8\" data-element_type=\"container\" data-e-type=\"container\" data-settings=\"{&quot;background_background&quot;:&quot;classic&quot;}\">\r\n\t\t<div class=\"elementor-element elementor-element-47572aa e-con-full e-flex e-con e-child\" data-id=\"47572aa\" data-element_type=\"container\" data-e-type=\"container\" data-settings=\"{&quot;background_background&quot;:&quot;classic&quot;}\">\r\n\t\t\t\t<div class=\"elementor-element elementor-element-365149b elementor-widget elementor-widget-spacer\" data-id=\"365149b\" data-element_type=\"widget\" data-e-type=\"widget\" data-widget_type=\"spacer.default\">\n\t\t\t\t\t\t\t<div class=\"elementor-spacer\">\n\t\t\t<div class=\"elementor-spacer-inner\"><\/div>\n\t\t<\/div>\n\t\t\t\t\t\t<\/div>\n\t\t\t\t<\/div>\n\t\t<div class=\"elementor-element elementor-element-f124bf0 e-con-full e-flex e-con e-child\" data-id=\"f124bf0\" data-element_type=\"container\" data-e-type=\"container\">\r\n\t\t\t\t<div class=\"elementor-element elementor-element-eec1f05 elementor-widget elementor-widget-heading\" data-id=\"eec1f05\" data-element_type=\"widget\" data-e-type=\"widget\" data-widget_type=\"heading.default\">\n\t\t\t\t\t<h2 class=\"elementor-heading-title elementor-size-default\">Juego de edred\u00f3n<\/h2>\t\t\t\t<\/div>\n\t\t\t\t<\/div>\n\t\t\t\t<\/div>\n\t\t\t\t<\/a>\n\t\t<div class=\"elementor-element elementor-element-ef7f19e e-con-full e-flex e-con e-child\" data-id=\"ef7f19e\" data-element_type=\"container\" data-e-type=\"container\">\r\n\t\t\t\t<div class=\"elementor-element elementor-element-e062e3c elementor-widget elementor-widget-image\" data-id=\"e062e3c\" data-element_type=\"widget\" data-e-type=\"widget\" data-widget_type=\"image.default\">\n\t\t\t\t\t\t\t\t\t\t\t\t\t\t\t<img decoding=\"async\" width=\"800\" height=\"43\" src=\"https:\/\/oh-sheets.com\/comfortmills\/wp-content\/uploads\/sites\/3\/2025\/10\/sombra-bloques2.png\" class=\"attachment-large size-large wp-image-10228\" alt=\"\" srcset=\"https:\/\/oh-sheets.com\/comfortmills\/wp-content\/uploads\/sites\/3\/2025\/10\/sombra-bloques2.png 800w, https:\/\/oh-sheets.com\/comfortmills\/wp-content\/uploads\/sites\/3\/2025\/10\/sombra-bloques2-768x41.png 768w, https:\/\/oh-sheets.com\/comfortmills\/wp-content\/uploads\/sites\/3\/2025\/10\/sombra-bloques2-640x34.png 640w, https:\/\/oh-sheets.com\/comfortmills\/wp-content\/uploads\/sites\/3\/2025\/10\/sombra-bloques2-400x22.png 400w, https:\/\/oh-sheets.com\/comfortmills\/wp-content\/uploads\/sites\/3\/2025\/10\/sombra-bloques2-600x32.png 600w\" sizes=\"(max-width: 800px) 100vw, 800px\" \/>\t\t\t\t\t\t\t\t\t\t\t\t\t\t\t<\/div>\n\t\t\t\t<\/div>\n\t\t\t\t<\/div>\n\t\t<div class=\"elementor-element elementor-element-836ad71 e-con-full e-flex e-con e-child\" data-id=\"836ad71\" data-element_type=\"container\" data-e-type=\"container\">\r\n\t\t<a class=\"elementor-element elementor-element-506d606 e-con-full e-flex e-con e-child\" data-id=\"506d606\" data-element_type=\"container\" data-e-type=\"container\" data-settings=\"{&quot;background_background&quot;:&quot;classic&quot;}\" href=\"https:\/\/oh-sheets.com\/comfortmills\/producto\/juego-de-sabanas-comfort-mills\/\">\r\n\t\t<div class=\"elementor-element elementor-element-5175470 e-con-full e-flex e-con e-child\" data-id=\"5175470\" data-element_type=\"container\" data-e-type=\"container\" data-settings=\"{&quot;background_background&quot;:&quot;classic&quot;}\">\r\n\t\t<div class=\"elementor-element elementor-element-ba74cd7 e-con-full e-flex e-con e-child\" data-id=\"ba74cd7\" data-element_type=\"container\" data-e-type=\"container\" data-settings=\"{&quot;background_background&quot;:&quot;classic&quot;}\">\r\n\t\t\t\t<div class=\"elementor-element elementor-element-e942a20 elementor-widget elementor-widget-spacer\" data-id=\"e942a20\" data-element_type=\"widget\" data-e-type=\"widget\" data-widget_type=\"spacer.default\">\n\t\t\t\t\t\t\t<div class=\"elementor-spacer\">\n\t\t\t<div class=\"elementor-spacer-inner\"><\/div>\n\t\t<\/div>\n\t\t\t\t\t\t<\/div>\n\t\t\t\t<\/div>\n\t\t<div class=\"elementor-element elementor-element-d54d910 e-con-full e-flex e-con e-child\" data-id=\"d54d910\" data-element_type=\"container\" data-e-type=\"container\">\r\n\t\t\t\t<div class=\"elementor-element elementor-element-e4865bb elementor-widget elementor-widget-heading\" data-id=\"e4865bb\" data-element_type=\"widget\" data-e-type=\"widget\" data-widget_type=\"heading.default\">\n\t\t\t\t\t<h2 class=\"elementor-heading-title elementor-size-default\">Juego de s\u00e1banas<\/h2>\t\t\t\t<\/div>\n\t\t\t\t<\/div>\n\t\t\t\t<\/div>\n\t\t\t\t<\/a>\n\t\t<div class=\"elementor-element elementor-element-35ce200 e-con-full e-flex e-con e-child\" data-id=\"35ce200\" data-element_type=\"container\" data-e-type=\"container\">\r\n\t\t\t\t<div class=\"elementor-element elementor-element-24d817e elementor-widget elementor-widget-image\" data-id=\"24d817e\" data-element_type=\"widget\" data-e-type=\"widget\" data-widget_type=\"image.default\">\n\t\t\t\t\t\t\t\t\t\t\t\t\t\t\t<img decoding=\"async\" width=\"800\" height=\"43\" src=\"https:\/\/oh-sheets.com\/comfortmills\/wp-content\/uploads\/sites\/3\/2025\/10\/sombra-bloques2.png\" class=\"attachment-large size-large wp-image-10228\" alt=\"\" srcset=\"https:\/\/oh-sheets.com\/comfortmills\/wp-content\/uploads\/sites\/3\/2025\/10\/sombra-bloques2.png 800w, https:\/\/oh-sheets.com\/comfortmills\/wp-content\/uploads\/sites\/3\/2025\/10\/sombra-bloques2-768x41.png 768w, https:\/\/oh-sheets.com\/comfortmills\/wp-content\/uploads\/sites\/3\/2025\/10\/sombra-bloques2-640x34.png 640w, https:\/\/oh-sheets.com\/comfortmills\/wp-content\/uploads\/sites\/3\/2025\/10\/sombra-bloques2-400x22.png 400w, https:\/\/oh-sheets.com\/comfortmills\/wp-content\/uploads\/sites\/3\/2025\/10\/sombra-bloques2-600x32.png 600w\" sizes=\"(max-width: 800px) 100vw, 800px\" \/>\t\t\t\t\t\t\t\t\t\t\t\t\t\t\t<\/div>\n\t\t\t\t<\/div>\n\t\t\t\t<\/div>\n\t\t\t\t<\/div>\n\t\t\t\t<\/div>\n\t\t\t\t\t<\/div>\n\t\t\t\t<\/div>\n\t\t<div class=\"elementor-element elementor-element-2cedd27 elementor-hidden-desktop elementor-hidden-tablet elementor-hidden-mobile e-flex e-con-boxed e-con e-parent\" data-id=\"2cedd27\" data-element_type=\"container\" data-e-type=\"container\" data-settings=\"{&quot;background_background&quot;:&quot;classic&quot;}\">\r\n\t\t\t\t\t<div class=\"e-con-inner\">\r\n\t\t<div class=\"elementor-element elementor-element-88221ed e-con-full e-flex e-con e-child\" data-id=\"88221ed\" data-element_type=\"container\" data-e-type=\"container\">\r\n\t\t<div class=\"elementor-element elementor-element-a13abc0 e-con-full e-flex e-con e-child\" data-id=\"a13abc0\" data-element_type=\"container\" data-e-type=\"container\">\r\n\t\t\t\t<div class=\"elementor-element elementor-element-0c19f84 elementor-widget elementor-widget-porto_ultimate_heading\" data-id=\"0c19f84\" data-element_type=\"widget\" data-e-type=\"widget\" data-widget_type=\"porto_ultimate_heading.default\">\n\t\t\t\t\t<div class=\"porto-u-heading  porto-u-ad87e2eaf3f9c495180fe0156ddf3eb0\"><div class=\"porto-u-main-heading\"><h2   >Otros materiales<\/h2><\/div><style>.porto-u-ad87e2eaf3f9c495180fe0156ddf3eb0.porto-u-heading{text-align:left}<\/style><\/div>\t\t\t\t<\/div>\n\t\t\t\t<\/div>\n\t\t<div class=\"elementor-element elementor-element-47abf5d e-con-full e-flex e-con e-child\" data-id=\"47abf5d\" data-element_type=\"container\" data-e-type=\"container\">\r\n\t\t<div class=\"elementor-element elementor-element-00edae0 e-con-full e-flex e-con e-child\" data-id=\"00edae0\" data-element_type=\"container\" data-e-type=\"container\">\r\n\t\t<a class=\"elementor-element elementor-element-0f828c2 e-con-full e-flex e-con e-child\" data-id=\"0f828c2\" data-element_type=\"container\" data-e-type=\"container\" data-settings=\"{&quot;background_background&quot;:&quot;classic&quot;}\" href=\"https:\/\/oh-sheets.com\/comfortmills\/materiales\/algodon\/\">\r\n\t\t<div class=\"elementor-element elementor-element-3facb26 e-con-full e-flex e-con e-child\" data-id=\"3facb26\" data-element_type=\"container\" data-e-type=\"container\" data-settings=\"{&quot;background_background&quot;:&quot;classic&quot;}\">\r\n\t\t<div class=\"elementor-element elementor-element-5a9d32d e-con-full e-flex e-con e-child\" data-id=\"5a9d32d\" data-element_type=\"container\" data-e-type=\"container\" data-settings=\"{&quot;background_background&quot;:&quot;classic&quot;}\">\r\n\t\t\t\t<div class=\"elementor-element elementor-element-bedcd9b elementor-widget elementor-widget-spacer\" data-id=\"bedcd9b\" data-element_type=\"widget\" data-e-type=\"widget\" data-widget_type=\"spacer.default\">\n\t\t\t\t\t\t\t<div class=\"elementor-spacer\">\n\t\t\t<div class=\"elementor-spacer-inner\"><\/div>\n\t\t<\/div>\n\t\t\t\t\t\t<\/div>\n\t\t\t\t<\/div>\n\t\t<div class=\"elementor-element elementor-element-f469e62 e-con-full e-flex e-con e-child\" data-id=\"f469e62\" data-element_type=\"container\" data-e-type=\"container\">\r\n\t\t\t\t<div class=\"elementor-element elementor-element-33728ef elementor-widget elementor-widget-heading\" data-id=\"33728ef\" data-element_type=\"widget\" data-e-type=\"widget\" data-widget_type=\"heading.default\">\n\t\t\t\t\t<h2 class=\"elementor-heading-title elementor-size-default\">Algod\u00f3n<\/h2>\t\t\t\t<\/div>\n\t\t\t\t<\/div>\n\t\t\t\t<\/div>\n\t\t\t\t<\/a>\n\t\t<div class=\"elementor-element elementor-element-76b9e56 e-con-full e-flex e-con e-child\" data-id=\"76b9e56\" data-element_type=\"container\" data-e-type=\"container\">\r\n\t\t\t\t<div class=\"elementor-element elementor-element-a6b095c elementor-widget elementor-widget-image\" data-id=\"a6b095c\" data-element_type=\"widget\" data-e-type=\"widget\" data-widget_type=\"image.default\">\n\t\t\t\t\t\t\t\t\t\t\t\t\t\t\t<img decoding=\"async\" width=\"800\" height=\"43\" src=\"https:\/\/oh-sheets.com\/comfortmills\/wp-content\/uploads\/sites\/3\/2025\/10\/sombra-bloques2.png\" class=\"attachment-large size-large wp-image-10228\" alt=\"\" srcset=\"https:\/\/oh-sheets.com\/comfortmills\/wp-content\/uploads\/sites\/3\/2025\/10\/sombra-bloques2.png 800w, https:\/\/oh-sheets.com\/comfortmills\/wp-content\/uploads\/sites\/3\/2025\/10\/sombra-bloques2-768x41.png 768w, https:\/\/oh-sheets.com\/comfortmills\/wp-content\/uploads\/sites\/3\/2025\/10\/sombra-bloques2-640x34.png 640w, https:\/\/oh-sheets.com\/comfortmills\/wp-content\/uploads\/sites\/3\/2025\/10\/sombra-bloques2-400x22.png 400w, https:\/\/oh-sheets.com\/comfortmills\/wp-content\/uploads\/sites\/3\/2025\/10\/sombra-bloques2-600x32.png 600w\" sizes=\"(max-width: 800px) 100vw, 800px\" \/>\t\t\t\t\t\t\t\t\t\t\t\t\t\t\t<\/div>\n\t\t\t\t<\/div>\n\t\t\t\t<\/div>\n\t\t<div class=\"elementor-element elementor-element-5df86a2 e-con-full e-flex e-con e-child\" data-id=\"5df86a2\" data-element_type=\"container\" data-e-type=\"container\">\r\n\t\t<a class=\"elementor-element elementor-element-83c20b3 e-con-full e-flex e-con e-child\" data-id=\"83c20b3\" data-element_type=\"container\" data-e-type=\"container\" href=\"https:\/\/oh-sheets.com\/comfortmills\/materiales\/bamboo\/\">\r\n\t\t<div class=\"elementor-element elementor-element-f3989c5 e-con-full e-flex e-con e-child\" data-id=\"f3989c5\" data-element_type=\"container\" data-e-type=\"container\" data-settings=\"{&quot;background_background&quot;:&quot;classic&quot;}\">\r\n\t\t<div class=\"elementor-element elementor-element-f57ea90 e-con-full e-flex e-con e-child\" data-id=\"f57ea90\" data-element_type=\"container\" data-e-type=\"container\" data-settings=\"{&quot;background_background&quot;:&quot;classic&quot;}\">\r\n\t\t\t\t<div class=\"elementor-element elementor-element-759ab0e elementor-widget elementor-widget-spacer\" data-id=\"759ab0e\" data-element_type=\"widget\" data-e-type=\"widget\" data-widget_type=\"spacer.default\">\n\t\t\t\t\t\t\t<div class=\"elementor-spacer\">\n\t\t\t<div class=\"elementor-spacer-inner\"><\/div>\n\t\t<\/div>\n\t\t\t\t\t\t<\/div>\n\t\t\t\t<\/div>\n\t\t<div class=\"elementor-element elementor-element-750c6fe e-con-full e-flex e-con e-child\" data-id=\"750c6fe\" data-element_type=\"container\" data-e-type=\"container\">\r\n\t\t\t\t<div class=\"elementor-element elementor-element-7bde34f elementor-widget elementor-widget-heading\" data-id=\"7bde34f\" data-element_type=\"widget\" data-e-type=\"widget\" data-widget_type=\"heading.default\">\n\t\t\t\t\t<h2 class=\"elementor-heading-title elementor-size-default\">Bamboo<\/h2>\t\t\t\t<\/div>\n\t\t\t\t<\/div>\n\t\t\t\t<\/div>\n\t\t\t\t<\/a>\n\t\t<div class=\"elementor-element elementor-element-c5289d9 e-con-full e-flex e-con e-child\" data-id=\"c5289d9\" data-element_type=\"container\" data-e-type=\"container\">\r\n\t\t\t\t<div class=\"elementor-element elementor-element-30f3051 elementor-widget elementor-widget-image\" data-id=\"30f3051\" data-element_type=\"widget\" data-e-type=\"widget\" data-widget_type=\"image.default\">\n\t\t\t\t\t\t\t\t\t\t\t\t\t\t\t<img decoding=\"async\" width=\"800\" height=\"43\" src=\"https:\/\/oh-sheets.com\/comfortmills\/wp-content\/uploads\/sites\/3\/2025\/10\/sombra-bloques2.png\" class=\"attachment-large size-large wp-image-10228\" alt=\"\" srcset=\"https:\/\/oh-sheets.com\/comfortmills\/wp-content\/uploads\/sites\/3\/2025\/10\/sombra-bloques2.png 800w, https:\/\/oh-sheets.com\/comfortmills\/wp-content\/uploads\/sites\/3\/2025\/10\/sombra-bloques2-768x41.png 768w, https:\/\/oh-sheets.com\/comfortmills\/wp-content\/uploads\/sites\/3\/2025\/10\/sombra-bloques2-640x34.png 640w, https:\/\/oh-sheets.com\/comfortmills\/wp-content\/uploads\/sites\/3\/2025\/10\/sombra-bloques2-400x22.png 400w, https:\/\/oh-sheets.com\/comfortmills\/wp-content\/uploads\/sites\/3\/2025\/10\/sombra-bloques2-600x32.png 600w\" sizes=\"(max-width: 800px) 100vw, 800px\" \/>\t\t\t\t\t\t\t\t\t\t\t\t\t\t\t<\/div>\n\t\t\t\t<\/div>\n\t\t\t\t<\/div>\n\t\t<div class=\"elementor-element elementor-element-b2692a8 e-con-full e-flex e-con e-child\" data-id=\"b2692a8\" data-element_type=\"container\" data-e-type=\"container\">\r\n\t\t<a class=\"elementor-element elementor-element-24f7548 e-con-full e-flex e-con e-child\" data-id=\"24f7548\" data-element_type=\"container\" data-e-type=\"container\" data-settings=\"{&quot;background_background&quot;:&quot;classic&quot;}\" href=\"https:\/\/oh-sheets.com\/comfortmills\/materiales\/cationico\/\">\r\n\t\t<div class=\"elementor-element elementor-element-8253a0e e-con-full e-flex e-con e-child\" data-id=\"8253a0e\" data-element_type=\"container\" data-e-type=\"container\" data-settings=\"{&quot;background_background&quot;:&quot;classic&quot;}\">\r\n\t\t<div class=\"elementor-element elementor-element-c202dac e-con-full e-flex e-con e-child\" data-id=\"c202dac\" data-element_type=\"container\" data-e-type=\"container\" data-settings=\"{&quot;background_background&quot;:&quot;classic&quot;}\">\r\n\t\t\t\t<div class=\"elementor-element elementor-element-75ff7a6 elementor-widget elementor-widget-spacer\" data-id=\"75ff7a6\" data-element_type=\"widget\" data-e-type=\"widget\" data-widget_type=\"spacer.default\">\n\t\t\t\t\t\t\t<div class=\"elementor-spacer\">\n\t\t\t<div class=\"elementor-spacer-inner\"><\/div>\n\t\t<\/div>\n\t\t\t\t\t\t<\/div>\n\t\t\t\t<\/div>\n\t\t<div class=\"elementor-element elementor-element-41ad59e e-con-full e-flex e-con e-child\" data-id=\"41ad59e\" data-element_type=\"container\" data-e-type=\"container\">\r\n\t\t\t\t<div class=\"elementor-element elementor-element-df6bffd elementor-widget elementor-widget-heading\" data-id=\"df6bffd\" data-element_type=\"widget\" data-e-type=\"widget\" data-widget_type=\"heading.default\">\n\t\t\t\t\t<h2 class=\"elementor-heading-title elementor-size-default\">Cati\u00f3nico<\/h2>\t\t\t\t<\/div>\n\t\t\t\t<\/div>\n\t\t\t\t<\/div>\n\t\t\t\t<\/a>\n\t\t<div class=\"elementor-element elementor-element-79eae9c e-con-full e-flex e-con e-child\" data-id=\"79eae9c\" data-element_type=\"container\" data-e-type=\"container\">\r\n\t\t\t\t<div class=\"elementor-element elementor-element-23014f0 elementor-widget elementor-widget-image\" data-id=\"23014f0\" data-element_type=\"widget\" data-e-type=\"widget\" data-widget_type=\"image.default\">\n\t\t\t\t\t\t\t\t\t\t\t\t\t\t\t<img decoding=\"async\" width=\"800\" height=\"43\" src=\"https:\/\/oh-sheets.com\/comfortmills\/wp-content\/uploads\/sites\/3\/2025\/10\/sombra-bloques2.png\" class=\"attachment-large size-large wp-image-10228\" alt=\"\" srcset=\"https:\/\/oh-sheets.com\/comfortmills\/wp-content\/uploads\/sites\/3\/2025\/10\/sombra-bloques2.png 800w, https:\/\/oh-sheets.com\/comfortmills\/wp-content\/uploads\/sites\/3\/2025\/10\/sombra-bloques2-768x41.png 768w, https:\/\/oh-sheets.com\/comfortmills\/wp-content\/uploads\/sites\/3\/2025\/10\/sombra-bloques2-640x34.png 640w, https:\/\/oh-sheets.com\/comfortmills\/wp-content\/uploads\/sites\/3\/2025\/10\/sombra-bloques2-400x22.png 400w, https:\/\/oh-sheets.com\/comfortmills\/wp-content\/uploads\/sites\/3\/2025\/10\/sombra-bloques2-600x32.png 600w\" sizes=\"(max-width: 800px) 100vw, 800px\" \/>\t\t\t\t\t\t\t\t\t\t\t\t\t\t\t<\/div>\n\t\t\t\t<\/div>\n\t\t\t\t<\/div>\n\t\t\t\t<\/div>\n\t\t\t\t<\/div>\n\t\t\t\t\t<\/div>\n\t\t\t\t<\/div>\n\t\t\t\t<\/div>\n\t\t","protected":false},"excerpt":{"rendered":"<p>Microfibra Juego de edred\u00f3n Juego de s\u00e1banas Otros materiales Algod\u00f3n Bamboo Cati\u00f3nico<\/p>\n","protected":false},"author":1,"featured_media":0,"parent":10181,"menu_order":0,"comment_status":"closed","ping_status":"closed","template":"","meta":{"_acf_changed":false,"footnotes":""},"class_list":["post-10349","page","type-page","status-publish","hentry"],"acf":[],"_links":{"self":[{"href":"https:\/\/oh-sheets.com\/comfortmills\/wp-json\/wp\/v2\/pages\/10349","targetHints":{"allow":["GET"]}}],"collection":[{"href":"https:\/\/oh-sheets.com\/comfortmills\/wp-json\/wp\/v2\/pages"}],"about":[{"href":"https:\/\/oh-sheets.com\/comfortmills\/wp-json\/wp\/v2\/types\/page"}],"author":[{"embeddable":true,"href":"https:\/\/oh-sheets.com\/comfortmills\/wp-json\/wp\/v2\/users\/1"}],"replies":[{"embeddable":true,"href":"https:\/\/oh-sheets.com\/comfortmills\/wp-json\/wp\/v2\/comments?post=10349"}],"version-history":[{"count":48,"href":"https:\/\/oh-sheets.com\/comfortmills\/wp-json\/wp\/v2\/pages\/10349\/revisions"}],"predecessor-version":[{"id":14513,"href":"https:\/\/oh-sheets.com\/comfortmills\/wp-json\/wp\/v2\/pages\/10349\/revisions\/14513"}],"up":[{"embeddable":true,"href":"https:\/\/oh-sheets.com\/comfortmills\/wp-json\/wp\/v2\/pages\/10181"}],"wp:attachment":[{"href":"https:\/\/oh-sheets.com\/comfortmills\/wp-json\/wp\/v2\/media?parent=10349"}],"curies":[{"name":"wp","href":"https:\/\/api.w.org\/{rel}","templated":true}]}}