{"id":10187,"date":"2025-10-26T04:29:35","date_gmt":"2025-10-26T04:29:35","guid":{"rendered":"https:\/\/oh-sheets.com\/comfortmills\/?page_id=10187"},"modified":"2025-11-13T16:24:36","modified_gmt":"2025-11-13T16:24:36","slug":"registro-de-clientes","status":"publish","type":"page","link":"https:\/\/oh-sheets.com\/comfortmills\/registro-de-clientes\/","title":{"rendered":"Registro de clientes"},"content":{"rendered":"\t\t<div data-elementor-type=\"wp-page\" data-elementor-id=\"10187\" class=\"elementor elementor-10187\">\n\t\t\t\t<div class=\"porto_stretch_css stretch_row_css elementor-element elementor-element-2ac4c24 registro-page e-flex e-con-boxed e-con e-parent\" data-id=\"2ac4c24\" data-element_type=\"container\" data-e-type=\"container\" data-settings=\"{&quot;background_background&quot;:&quot;classic&quot;}\">\r\n\t\t\t\t\t<div class=\"e-con-inner\">\r\n\t\t\t\t<div class=\"elementor-element elementor-element-0e12b12 elementor-widget elementor-widget-html\" data-id=\"0e12b12\" data-element_type=\"widget\" data-e-type=\"widget\" data-widget_type=\"html.default\">\n\t\t\t\t\t<style>\n.page-header-6 {\nbackground-color: #00C7E4;\n}\n.page-top .breadcrumbs-wrap a, .page-top ul.breadcrumb {\n    color:#fff;\n}\n<\/style>\t\t\t\t<\/div>\n\t\t<div class=\"elementor-element elementor-element-a65fdac e-con-full e-flex e-con e-child\" data-id=\"a65fdac\" data-element_type=\"container\" data-e-type=\"container\">\r\n\t\t<div class=\"elementor-element elementor-element-8f5857b e-con-full e-flex e-con e-child\" data-id=\"8f5857b\" data-element_type=\"container\" data-e-type=\"container\" data-settings=\"{&quot;background_background&quot;:&quot;classic&quot;}\">\r\n\t\t\t\t<div class=\"elementor-element elementor-element-2442c50 elementor-widget elementor-widget-spacer\" data-id=\"2442c50\" data-element_type=\"widget\" data-e-type=\"widget\" data-widget_type=\"spacer.default\">\n\t\t\t\t\t\t\t<div class=\"elementor-spacer\">\n\t\t\t<div class=\"elementor-spacer-inner\"><\/div>\n\t\t<\/div>\n\t\t\t\t\t\t<\/div>\n\t\t\t\t<\/div>\n\t\t<div class=\"elementor-element elementor-element-d4eb153 e-con-full e-flex e-con e-child\" data-id=\"d4eb153\" data-element_type=\"container\" data-e-type=\"container\" data-settings=\"{&quot;background_background&quot;:&quot;classic&quot;}\">\r\n\t\t\t\t<div class=\"elementor-element elementor-element-d90299e elementor-widget elementor-widget-porto_ultimate_heading\" data-id=\"d90299e\" data-element_type=\"widget\" data-e-type=\"widget\" data-widget_type=\"porto_ultimate_heading.default\">\n\t\t\t\t\t<div class=\"porto-u-heading  porto-u-ad87e2eaf3f9c495180fe0156ddf3eb0\"><div class=\"porto-u-main-heading\"><h2   >Registrate y obt\u00e9n grandes promociones<\/h2><\/div><style>.porto-u-ad87e2eaf3f9c495180fe0156ddf3eb0.porto-u-heading{text-align:left}<\/style><\/div>\t\t\t\t<\/div>\n\t\t\t\t<div class=\"elementor-element elementor-element-339e0b9 elementor-widget elementor-widget-porto_contact_form\" data-id=\"339e0b9\" data-element_type=\"widget\" data-e-type=\"widget\" data-widget_type=\"porto_contact_form.default\">\n\t\t\t\t\t\n<div class=\"wpcf7 no-js\" id=\"wpcf7-f12360-o1\" lang=\"es-MX\" dir=\"ltr\" data-wpcf7-id=\"12360\">\n<div class=\"screen-reader-response\"><p role=\"status\" aria-live=\"polite\" aria-atomic=\"true\"><\/p> <ul><\/ul><\/div>\n<form action=\"\/comfortmills\/wp-json\/wp\/v2\/pages\/10187#wpcf7-f12360-o1\" method=\"post\" class=\"wpcf7-form init 645dd7829f1f cmatic-conn cmatic-aud-1 cmatic-mapd5-6 cmatic-v0976 cmatic-sent-2 cmatic-total-20\" aria-label=\"Formulario de contacto\" novalidate=\"novalidate\" data-status=\"init\">\n<fieldset class=\"hidden-fields-container\"><input type=\"hidden\" name=\"_wpcf7\" value=\"12360\" \/><input type=\"hidden\" name=\"_wpcf7_version\" value=\"6.1.5\" \/><input type=\"hidden\" name=\"_wpcf7_locale\" value=\"es_MX\" \/><input type=\"hidden\" name=\"_wpcf7_unit_tag\" value=\"wpcf7-f12360-o1\" \/><input type=\"hidden\" name=\"_wpcf7_container_post\" value=\"0\" \/><input type=\"hidden\" name=\"_wpcf7_posted_data_hash\" value=\"\" \/>\n<\/fieldset>\n<div class=\"row\">\n    <div class=\"col-lg-12\">\n        <div class=\"form-group\">\n            <label for=\"contact-name\">Nombre *<\/label>\n            <span class=\"wpcf7-form-control-wrap\" data-name=\"your-name\"><input size=\"40\" maxlength=\"400\" class=\"wpcf7-form-control wpcf7-text wpcf7-validates-as-required form-control\" id=\"contact-name\" aria-required=\"true\" aria-invalid=\"false\" value=\"\" type=\"text\" name=\"your-name\" \/><\/span>\n        <\/div>\n        <div class=\"form-group\">\n            <label for=\"contact-telefono\">Tel\u00e9fono *<\/label>\n            <span class=\"wpcf7-form-control-wrap\" data-name=\"your-tel\"><input size=\"40\" maxlength=\"400\" class=\"wpcf7-form-control wpcf7-text wpcf7-validates-as-required form-control\" id=\"contact-telefono\" aria-required=\"true\" aria-invalid=\"false\" value=\"\" type=\"text\" name=\"your-tel\" \/><\/span>\n        <\/div>\n         <div class=\"form-group\">\n            <label for=\"contact-subject\">Email *<\/label>\n            <span class=\"wpcf7-form-control-wrap\" data-name=\"your-email\"><input size=\"40\" maxlength=\"400\" class=\"wpcf7-form-control wpcf7-email wpcf7-validates-as-required wpcf7-text wpcf7-validates-as-email form-control\" id=\"contact-email\" aria-required=\"true\" aria-invalid=\"false\" value=\"\" type=\"email\" name=\"your-email\" \/><\/span>\n        <\/div>\n    <\/div>\n    <div class=\"col-lg-12\">\n        <div class=\"form-group\">\n            <label for=\"contact-direccion\">Direcci\u00f3n *<\/label>\n            <span class=\"wpcf7-form-control-wrap\" data-name=\"your-dir\"><textarea cols=\"40\" rows=\"10\" maxlength=\"2000\" class=\"wpcf7-form-control wpcf7-textarea wpcf7-validates-as-required form-control\" id=\"contact-direccion\" aria-required=\"true\" aria-invalid=\"false\" name=\"your-dir\"><\/textarea><\/span>\n        <\/div>\n        <div class=\"form-group\">\n            <input class=\"wpcf7-form-control wpcf7-submit has-spinner btn btn-primary btn-md\" type=\"submit\" value=\"Registrar\" \/>\n        <\/div>\n    <\/div>\n    <input class=\"wpcf7-form-control wpcf7-hidden\" id=\"contact-marca\" value=\"registro Comfort Mills\" type=\"hidden\" name=\"your-marca\" \/>\n<\/div><div class=\"wpcf7-response-output\" aria-hidden=\"true\"><\/div>\n<\/form>\n<\/div>\n\t\t\t\t<\/div>\n\t\t\t\t<\/div>\n\t\t\t\t<\/div>\n\t\t\t\t\t<\/div>\n\t\t\t\t<\/div>\n\t\t\t\t<\/div>\n\t\t","protected":false},"excerpt":{"rendered":"<p>Registrate y obt\u00e9n grandes promociones Nombre * Tel\u00e9fono * Email * Direcci\u00f3n *<\/p>\n","protected":false},"author":1,"featured_media":0,"parent":0,"menu_order":0,"comment_status":"closed","ping_status":"closed","template":"elementor_header_footer","meta":{"_acf_changed":false,"footnotes":""},"class_list":["post-10187","page","type-page","status-publish","hentry"],"acf":[],"_links":{"self":[{"href":"https:\/\/oh-sheets.com\/comfortmills\/wp-json\/wp\/v2\/pages\/10187","targetHints":{"allow":["GET"]}}],"collection":[{"href":"https:\/\/oh-sheets.com\/comfortmills\/wp-json\/wp\/v2\/pages"}],"about":[{"href":"https:\/\/oh-sheets.com\/comfortmills\/wp-json\/wp\/v2\/types\/page"}],"author":[{"embeddable":true,"href":"https:\/\/oh-sheets.com\/comfortmills\/wp-json\/wp\/v2\/users\/1"}],"replies":[{"embeddable":true,"href":"https:\/\/oh-sheets.com\/comfortmills\/wp-json\/wp\/v2\/comments?post=10187"}],"version-history":[{"count":49,"href":"https:\/\/oh-sheets.com\/comfortmills\/wp-json\/wp\/v2\/pages\/10187\/revisions"}],"predecessor-version":[{"id":15245,"href":"https:\/\/oh-sheets.com\/comfortmills\/wp-json\/wp\/v2\/pages\/10187\/revisions\/15245"}],"wp:attachment":[{"href":"https:\/\/oh-sheets.com\/comfortmills\/wp-json\/wp\/v2\/media?parent=10187"}],"curies":[{"name":"wp","href":"https:\/\/api.w.org\/{rel}","templated":true}]}}