{"id":10183,"date":"2025-10-26T04:29:19","date_gmt":"2025-10-26T04:29:19","guid":{"rendered":"https:\/\/oh-sheets.com\/comfortmills\/?page_id=10183"},"modified":"2025-11-20T18:46:14","modified_gmt":"2025-11-20T18:46:14","slug":"nosotros","status":"publish","type":"page","link":"https:\/\/oh-sheets.com\/comfortmills\/nosotros\/","title":{"rendered":"Nosotros"},"content":{"rendered":"\t\t<div data-elementor-type=\"wp-page\" data-elementor-id=\"10183\" class=\"elementor elementor-10183\">\n\t\t\t\t<div class=\"porto_stretch_css stretch_row_css elementor-element elementor-element-03a257d e-flex e-con-boxed e-con e-parent\" data-id=\"03a257d\" data-element_type=\"container\" data-e-type=\"container\" data-settings=\"{&quot;background_background&quot;:&quot;classic&quot;}\">\r\n\t\t\t\t\t<div class=\"e-con-inner\">\r\n\t\t<div class=\"elementor-element elementor-element-b71fd11 e-con-full e-flex e-con e-child\" data-id=\"b71fd11\" data-element_type=\"container\" data-e-type=\"container\" data-settings=\"{&quot;background_background&quot;:&quot;classic&quot;}\">\r\n\t\t\t\t<\/div>\n\t\t<div class=\"elementor-element elementor-element-bdffdb3 e-con-full e-flex e-con e-child\" data-id=\"bdffdb3\" data-element_type=\"container\" data-e-type=\"container\" data-settings=\"{&quot;position&quot;:&quot;absolute&quot;}\">\r\n\t\t\t\t<\/div>\n\t\t\t\t\t<\/div>\n\t\t\t\t<\/div>\n\t\t<div class=\"porto_stretch_css stretch_row_css elementor-element elementor-element-af6be96 e-flex e-con-boxed e-con e-parent\" data-id=\"af6be96\" data-element_type=\"container\" data-e-type=\"container\" data-settings=\"{&quot;background_background&quot;:&quot;classic&quot;}\">\r\n\t\t\t\t\t<div class=\"e-con-inner\">\r\n\t\t<div class=\"elementor-element elementor-element-ecf02aa e-con-full e-flex e-con e-child\" data-id=\"ecf02aa\" data-element_type=\"container\" data-e-type=\"container\">\r\n\t\t\t\t<div class=\"elementor-element elementor-element-a94f09d elementor-widget elementor-widget-porto_ultimate_heading\" data-id=\"a94f09d\" data-element_type=\"widget\" data-e-type=\"widget\" data-widget_type=\"porto_ultimate_heading.default\">\n\t\t\t\t\t<div class=\"porto-u-heading  porto-u-ad87e2eaf3f9c495180fe0156ddf3eb0\"><div class=\"porto-u-main-heading\"><h2   >Mision<\/h2><\/div><style>.porto-u-ad87e2eaf3f9c495180fe0156ddf3eb0.porto-u-heading{text-align:left}<\/style><\/div>\t\t\t\t<\/div>\n\t\t\t\t<div class=\"elementor-element elementor-element-896b839 elementor-widget elementor-widget-text-editor\" data-id=\"896b839\" data-element_type=\"widget\" data-e-type=\"widget\" data-widget_type=\"text-editor.default\">\n\t\t\t\t\t\t\t\t\t<p class=\"p1\">En Comfort Mills\u00ae Creamos experiencias excepcionales que van m\u00e1s all\u00e1 del descanso, sabemos que la recamara es mucho m\u00e1s que un lugar para dormir, Cada una de nuestras marcas van orientadas a un publico especifico, bajo la m\u00e1xima: Good, Best y Better.<\/p>\t\t\t\t\t\t\t\t<\/div>\n\t\t\t\t<\/div>\n\t\t<div class=\"elementor-element elementor-element-594e1cf e-con-full e-flex e-con e-child\" data-id=\"594e1cf\" data-element_type=\"container\" data-e-type=\"container\" data-settings=\"{&quot;background_background&quot;:&quot;classic&quot;}\">\r\n\t\t\t\t<div class=\"elementor-element elementor-element-e510a06 elementor-widget elementor-widget-spacer\" data-id=\"e510a06\" data-element_type=\"widget\" data-e-type=\"widget\" data-widget_type=\"spacer.default\">\n\t\t\t\t\t\t\t<div class=\"elementor-spacer\">\n\t\t\t<div class=\"elementor-spacer-inner\"><\/div>\n\t\t<\/div>\n\t\t\t\t\t\t<\/div>\n\t\t\t\t<\/div>\n\t\t\t\t\t<\/div>\n\t\t\t\t<\/div>\n\t\t<div class=\"porto_stretch_css stretch_row_css elementor-element elementor-element-a223771 e-flex e-con-boxed e-con e-parent\" data-id=\"a223771\" data-element_type=\"container\" data-e-type=\"container\" data-settings=\"{&quot;background_background&quot;:&quot;classic&quot;}\">\r\n\t\t\t\t\t<div class=\"e-con-inner\">\r\n\t\t<div class=\"elementor-element elementor-element-f985ef2 e-con-full e-flex e-con e-child\" data-id=\"f985ef2\" data-element_type=\"container\" data-e-type=\"container\" data-settings=\"{&quot;background_background&quot;:&quot;classic&quot;}\">\r\n\t\t\t\t<div class=\"elementor-element elementor-element-9312d5c elementor-widget elementor-widget-spacer\" data-id=\"9312d5c\" data-element_type=\"widget\" data-e-type=\"widget\" data-widget_type=\"spacer.default\">\n\t\t\t\t\t\t\t<div class=\"elementor-spacer\">\n\t\t\t<div class=\"elementor-spacer-inner\"><\/div>\n\t\t<\/div>\n\t\t\t\t\t\t<\/div>\n\t\t\t\t<\/div>\n\t\t<div class=\"elementor-element elementor-element-aa5e3c7 e-con-full e-flex e-con e-child\" data-id=\"aa5e3c7\" data-element_type=\"container\" data-e-type=\"container\">\r\n\t\t<div class=\"elementor-element elementor-element-0b7bde0 e-con-full e-flex e-con e-child\" data-id=\"0b7bde0\" data-element_type=\"container\" data-e-type=\"container\">\r\n\t\t\t\t<div class=\"elementor-element elementor-element-0c76835 elementor-widget elementor-widget-porto_ultimate_heading\" data-id=\"0c76835\" data-element_type=\"widget\" data-e-type=\"widget\" data-widget_type=\"porto_ultimate_heading.default\">\n\t\t\t\t\t<div class=\"porto-u-heading  porto-u-ad87e2eaf3f9c495180fe0156ddf3eb0\"><div class=\"porto-u-main-heading\"><h2   >Visi\u00f3n<\/h2><\/div><style>.porto-u-ad87e2eaf3f9c495180fe0156ddf3eb0.porto-u-heading{text-align:left}<\/style><\/div>\t\t\t\t<\/div>\n\t\t\t\t<\/div>\n\t\t<div class=\"elementor-element elementor-element-1bf2d83 e-con-full e-flex e-con e-child\" data-id=\"1bf2d83\" data-element_type=\"container\" data-e-type=\"container\">\r\n\t\t\t\t<div class=\"elementor-element elementor-element-a860668 elementor-widget elementor-widget-text-editor\" data-id=\"a860668\" data-element_type=\"widget\" data-e-type=\"widget\" data-widget_type=\"text-editor.default\">\n\t\t\t\t\t\t\t\t\t<p class=\"p1\">Ofrecer ropa de cama favorita para las nuevas generaciones de Norte Am\u00e9rica, Ser reconocidos por nuestra actitud traviesa y propositiva, Anteponer la suavidad, el dise\u00f1o y el respeto al cliente en todas nuestras acciones.<\/p>\t\t\t\t\t\t\t\t<\/div>\n\t\t\t\t<\/div>\n\t\t\t\t<\/div>\n\t\t\t\t\t<\/div>\n\t\t\t\t<\/div>\n\t\t<div class=\"porto_stretch_css stretch_row_css elementor-element elementor-element-5686c74 e-flex e-con-boxed e-con e-parent\" data-id=\"5686c74\" data-element_type=\"container\" data-e-type=\"container\">\r\n\t\t\t\t\t<div class=\"e-con-inner\">\r\n\t\t<div class=\"elementor-element elementor-element-2b50ec6 e-con-full e-flex e-con e-child\" data-id=\"2b50ec6\" data-element_type=\"container\" data-e-type=\"container\">\r\n\t\t\t\t<div class=\"elementor-element elementor-element-398ba0d elementor-widget elementor-widget-porto_ultimate_heading\" data-id=\"398ba0d\" data-element_type=\"widget\" data-e-type=\"widget\" data-widget_type=\"porto_ultimate_heading.default\">\n\t\t\t\t\t<div class=\"porto-u-heading  porto-u-55ca8359258f9a412be7e73af65d2aac\"><div class=\"porto-u-main-heading\"><h2   >Nuestros valores<\/h2><\/div><style>.porto-u-55ca8359258f9a412be7e73af65d2aac.porto-u-heading{text-align:center}<\/style><\/div>\t\t\t\t<\/div>\n\t\t\t\t<\/div>\n\t\t<div class=\"elementor-element elementor-element-a8c097f e-con-full e-flex e-con e-child\" data-id=\"a8c097f\" data-element_type=\"container\" data-e-type=\"container\">\r\n\t\t<div class=\"elementor-element elementor-element-46354ac e-con-full e-flex e-con e-child\" data-id=\"46354ac\" data-element_type=\"container\" data-e-type=\"container\">\r\n\t\t<div class=\"elementor-element elementor-element-7e56fcf e-con-full e-flex e-con e-child\" data-id=\"7e56fcf\" data-element_type=\"container\" data-e-type=\"container\">\r\n\t\t\t\t<div class=\"elementor-element elementor-element-b6fc95b elementor-widget elementor-widget-image\" data-id=\"b6fc95b\" data-element_type=\"widget\" data-e-type=\"widget\" data-widget_type=\"image.default\">\n\t\t\t\t\t\t\t\t\t\t\t\t\t\t\t<img fetchpriority=\"high\" decoding=\"async\" width=\"1024\" height=\"1024\" src=\"https:\/\/oh-sheets.com\/comfortmills\/wp-content\/uploads\/sites\/3\/2025\/11\/ICONOS-04-1-1024x1024.png\" class=\"attachment-large size-large wp-image-15235\" alt=\"\" srcset=\"https:\/\/oh-sheets.com\/comfortmills\/wp-content\/uploads\/sites\/3\/2025\/11\/ICONOS-04-1-1024x1024.png 1024w, https:\/\/oh-sheets.com\/comfortmills\/wp-content\/uploads\/sites\/3\/2025\/11\/ICONOS-04-1-768x768.png 768w, https:\/\/oh-sheets.com\/comfortmills\/wp-content\/uploads\/sites\/3\/2025\/11\/ICONOS-04-1-640x640.png 640w, https:\/\/oh-sheets.com\/comfortmills\/wp-content\/uploads\/sites\/3\/2025\/11\/ICONOS-04-1-400x400.png 400w, https:\/\/oh-sheets.com\/comfortmills\/wp-content\/uploads\/sites\/3\/2025\/11\/ICONOS-04-1-600x600.png 600w\" sizes=\"(max-width: 1024px) 100vw, 1024px\" \/>\t\t\t\t\t\t\t\t\t\t\t\t\t\t\t<\/div>\n\t\t\t\t<\/div>\n\t\t<div class=\"elementor-element elementor-element-6753df3 e-con-full e-flex e-con e-child\" data-id=\"6753df3\" data-element_type=\"container\" data-e-type=\"container\">\r\n\t\t\t\t<div class=\"elementor-element elementor-element-a38af32 elementor-widget elementor-widget-heading\" data-id=\"a38af32\" data-element_type=\"widget\" data-e-type=\"widget\" data-widget_type=\"heading.default\">\n\t\t\t\t\t<h2 class=\"elementor-heading-title elementor-size-default\">Autenticidad<\/h2>\t\t\t\t<\/div>\n\t\t\t\t<\/div>\n\t\t<div class=\"elementor-element elementor-element-78e60b4 e-con-full e-flex e-con e-child\" data-id=\"78e60b4\" data-element_type=\"container\" data-e-type=\"container\">\r\n\t\t\t\t<div class=\"elementor-element elementor-element-f495882 elementor-widget elementor-widget-text-editor\" data-id=\"f495882\" data-element_type=\"widget\" data-e-type=\"widget\" data-widget_type=\"text-editor.default\">\n\t\t\t\t\t\t\t\t\t<p>Promovemos el descanso como una extensi\u00f3n de qui\u00e9n eres, con productos que reflejan tu estilo propio.<\/p>\t\t\t\t\t\t\t\t<\/div>\n\t\t\t\t<\/div>\n\t\t\t\t<\/div>\n\t\t<div class=\"elementor-element elementor-element-9857620 e-con-full e-flex e-con e-child\" data-id=\"9857620\" data-element_type=\"container\" data-e-type=\"container\">\r\n\t\t<div class=\"elementor-element elementor-element-78043eb e-con-full e-flex e-con e-child\" data-id=\"78043eb\" data-element_type=\"container\" data-e-type=\"container\">\r\n\t\t\t\t<div class=\"elementor-element elementor-element-3fc28fb elementor-widget elementor-widget-image\" data-id=\"3fc28fb\" data-element_type=\"widget\" data-e-type=\"widget\" data-widget_type=\"image.default\">\n\t\t\t\t\t\t\t\t\t\t\t\t\t\t\t<img decoding=\"async\" width=\"1024\" height=\"1024\" src=\"https:\/\/oh-sheets.com\/comfortmills\/wp-content\/uploads\/sites\/3\/2025\/11\/ICONOS-01-1-1024x1024.png\" class=\"attachment-large size-large wp-image-15236\" alt=\"\" srcset=\"https:\/\/oh-sheets.com\/comfortmills\/wp-content\/uploads\/sites\/3\/2025\/11\/ICONOS-01-1-1024x1024.png 1024w, https:\/\/oh-sheets.com\/comfortmills\/wp-content\/uploads\/sites\/3\/2025\/11\/ICONOS-01-1-768x768.png 768w, https:\/\/oh-sheets.com\/comfortmills\/wp-content\/uploads\/sites\/3\/2025\/11\/ICONOS-01-1-640x640.png 640w, https:\/\/oh-sheets.com\/comfortmills\/wp-content\/uploads\/sites\/3\/2025\/11\/ICONOS-01-1-400x400.png 400w, https:\/\/oh-sheets.com\/comfortmills\/wp-content\/uploads\/sites\/3\/2025\/11\/ICONOS-01-1-600x600.png 600w\" sizes=\"(max-width: 1024px) 100vw, 1024px\" \/>\t\t\t\t\t\t\t\t\t\t\t\t\t\t\t<\/div>\n\t\t\t\t<\/div>\n\t\t<div class=\"elementor-element elementor-element-118ff2a e-con-full e-flex e-con e-child\" data-id=\"118ff2a\" data-element_type=\"container\" data-e-type=\"container\">\r\n\t\t\t\t<div class=\"elementor-element elementor-element-8dca1b4 elementor-widget elementor-widget-heading\" data-id=\"8dca1b4\" data-element_type=\"widget\" data-e-type=\"widget\" data-widget_type=\"heading.default\">\n\t\t\t\t\t<h2 class=\"elementor-heading-title elementor-size-default\">Compromiso de calidad<\/h2>\t\t\t\t<\/div>\n\t\t\t\t<\/div>\n\t\t<div class=\"elementor-element elementor-element-058dcf3 e-con-full e-flex e-con e-child\" data-id=\"058dcf3\" data-element_type=\"container\" data-e-type=\"container\">\r\n\t\t\t\t<div class=\"elementor-element elementor-element-412b659 elementor-widget elementor-widget-text-editor\" data-id=\"412b659\" data-element_type=\"widget\" data-e-type=\"widget\" data-widget_type=\"text-editor.default\">\n\t\t\t\t\t\t\t\t\t<p>Estamos enfocados en superar tus expectativas de calidad, buscando siempre rebasar los est\u00e1ndares ya establecidos en el mercado.<\/p>\t\t\t\t\t\t\t\t<\/div>\n\t\t\t\t<\/div>\n\t\t\t\t<\/div>\n\t\t<div class=\"elementor-element elementor-element-c7ef0e5 e-con-full e-flex e-con e-child\" data-id=\"c7ef0e5\" data-element_type=\"container\" data-e-type=\"container\">\r\n\t\t<div class=\"elementor-element elementor-element-9667c1f e-con-full e-flex e-con e-child\" data-id=\"9667c1f\" data-element_type=\"container\" data-e-type=\"container\">\r\n\t\t\t\t<div class=\"elementor-element elementor-element-899aebb elementor-widget elementor-widget-image\" data-id=\"899aebb\" data-element_type=\"widget\" data-e-type=\"widget\" data-widget_type=\"image.default\">\n\t\t\t\t\t\t\t\t\t\t\t\t\t\t\t<img decoding=\"async\" width=\"1024\" height=\"1024\" src=\"https:\/\/oh-sheets.com\/comfortmills\/wp-content\/uploads\/sites\/3\/2025\/11\/ICONOS-02-1-1024x1024.png\" class=\"attachment-large size-large wp-image-15237\" alt=\"\" srcset=\"https:\/\/oh-sheets.com\/comfortmills\/wp-content\/uploads\/sites\/3\/2025\/11\/ICONOS-02-1-1024x1024.png 1024w, https:\/\/oh-sheets.com\/comfortmills\/wp-content\/uploads\/sites\/3\/2025\/11\/ICONOS-02-1-768x768.png 768w, https:\/\/oh-sheets.com\/comfortmills\/wp-content\/uploads\/sites\/3\/2025\/11\/ICONOS-02-1-640x640.png 640w, https:\/\/oh-sheets.com\/comfortmills\/wp-content\/uploads\/sites\/3\/2025\/11\/ICONOS-02-1-400x400.png 400w, https:\/\/oh-sheets.com\/comfortmills\/wp-content\/uploads\/sites\/3\/2025\/11\/ICONOS-02-1-600x600.png 600w\" sizes=\"(max-width: 1024px) 100vw, 1024px\" \/>\t\t\t\t\t\t\t\t\t\t\t\t\t\t\t<\/div>\n\t\t\t\t<\/div>\n\t\t<div class=\"elementor-element elementor-element-345e6a5 e-con-full e-flex e-con e-child\" data-id=\"345e6a5\" data-element_type=\"container\" data-e-type=\"container\">\r\n\t\t\t\t<div class=\"elementor-element elementor-element-06fc937 elementor-widget elementor-widget-heading\" data-id=\"06fc937\" data-element_type=\"widget\" data-e-type=\"widget\" data-widget_type=\"heading.default\">\n\t\t\t\t\t<h2 class=\"elementor-heading-title elementor-size-default\">Tecnolog\u00eda<\/h2>\t\t\t\t<\/div>\n\t\t\t\t<\/div>\n\t\t<div class=\"elementor-element elementor-element-db96add e-con-full e-flex e-con e-child\" data-id=\"db96add\" data-element_type=\"container\" data-e-type=\"container\">\r\n\t\t\t\t<div class=\"elementor-element elementor-element-07ec8db elementor-widget elementor-widget-text-editor\" data-id=\"07ec8db\" data-element_type=\"widget\" data-e-type=\"widget\" data-widget_type=\"text-editor.default\">\n\t\t\t\t\t\t\t\t\t<p>Sabemos que las nuevas generaciones valoran el uso de la tecnolog\u00eda en dise\u00f1o, fabricaci\u00f3n y comunicaci\u00f3n.<\/p>\t\t\t\t\t\t\t\t<\/div>\n\t\t\t\t<\/div>\n\t\t\t\t<\/div>\n\t\t<div class=\"elementor-element elementor-element-33c82ae e-con-full e-flex e-con e-child\" data-id=\"33c82ae\" data-element_type=\"container\" data-e-type=\"container\">\r\n\t\t<div class=\"elementor-element elementor-element-c841a57 e-con-full e-flex e-con e-child\" data-id=\"c841a57\" data-element_type=\"container\" data-e-type=\"container\">\r\n\t\t\t\t<div class=\"elementor-element elementor-element-cd686e6 elementor-widget elementor-widget-image\" data-id=\"cd686e6\" data-element_type=\"widget\" data-e-type=\"widget\" data-widget_type=\"image.default\">\n\t\t\t\t\t\t\t\t\t\t\t\t\t\t\t<img loading=\"lazy\" decoding=\"async\" width=\"1024\" height=\"1024\" src=\"https:\/\/oh-sheets.com\/comfortmills\/wp-content\/uploads\/sites\/3\/2025\/11\/ICONOS-03-1-1024x1024.png\" class=\"attachment-large size-large wp-image-15238\" alt=\"\" srcset=\"https:\/\/oh-sheets.com\/comfortmills\/wp-content\/uploads\/sites\/3\/2025\/11\/ICONOS-03-1-1024x1024.png 1024w, https:\/\/oh-sheets.com\/comfortmills\/wp-content\/uploads\/sites\/3\/2025\/11\/ICONOS-03-1-768x768.png 768w, https:\/\/oh-sheets.com\/comfortmills\/wp-content\/uploads\/sites\/3\/2025\/11\/ICONOS-03-1-640x640.png 640w, https:\/\/oh-sheets.com\/comfortmills\/wp-content\/uploads\/sites\/3\/2025\/11\/ICONOS-03-1-400x400.png 400w, https:\/\/oh-sheets.com\/comfortmills\/wp-content\/uploads\/sites\/3\/2025\/11\/ICONOS-03-1-600x600.png 600w\" sizes=\"(max-width: 1024px) 100vw, 1024px\" \/>\t\t\t\t\t\t\t\t\t\t\t\t\t\t\t<\/div>\n\t\t\t\t<\/div>\n\t\t<div class=\"elementor-element elementor-element-3502986 e-con-full e-flex e-con e-child\" data-id=\"3502986\" data-element_type=\"container\" data-e-type=\"container\">\r\n\t\t\t\t<div class=\"elementor-element elementor-element-3f70198 elementor-widget elementor-widget-heading\" data-id=\"3f70198\" data-element_type=\"widget\" data-e-type=\"widget\" data-widget_type=\"heading.default\">\n\t\t\t\t\t<h2 class=\"elementor-heading-title elementor-size-default\">Responsabilidad<\/h2>\t\t\t\t<\/div>\n\t\t\t\t<\/div>\n\t\t<div class=\"elementor-element elementor-element-d76b73b e-con-full e-flex e-con e-child\" data-id=\"d76b73b\" data-element_type=\"container\" data-e-type=\"container\">\r\n\t\t\t\t<div class=\"elementor-element elementor-element-334657b elementor-widget elementor-widget-text-editor\" data-id=\"334657b\" data-element_type=\"widget\" data-e-type=\"widget\" data-widget_type=\"text-editor.default\">\n\t\t\t\t\t\t\t\t\t<p>Elegimos procesos responsables y sustentables.<\/p>\t\t\t\t\t\t\t\t<\/div>\n\t\t\t\t<\/div>\n\t\t\t\t<\/div>\n\t\t\t\t<\/div>\n\t\t\t\t\t<\/div>\n\t\t\t\t<\/div>\n\t\t\t\t<\/div>\n\t\t","protected":false},"excerpt":{"rendered":"<p>Mision En Comfort Mills\u00ae Creamos experiencias excepcionales que van m\u00e1s all\u00e1 del descanso, sabemos que la recamara es mucho m\u00e1s que un lugar para dormir, Cada una de nuestras marcas van orientadas a un publico especifico, bajo la m\u00e1xima: Good, Best y Better. Visi\u00f3n Ofrecer ropa de cama favorita para las nuevas generaciones de Norte [&hellip;]<\/p>\n","protected":false},"author":1,"featured_media":0,"parent":0,"menu_order":0,"comment_status":"closed","ping_status":"closed","template":"","meta":{"_acf_changed":false,"footnotes":""},"class_list":["post-10183","page","type-page","status-publish","hentry"],"acf":[],"_links":{"self":[{"href":"https:\/\/oh-sheets.com\/comfortmills\/wp-json\/wp\/v2\/pages\/10183","targetHints":{"allow":["GET"]}}],"collection":[{"href":"https:\/\/oh-sheets.com\/comfortmills\/wp-json\/wp\/v2\/pages"}],"about":[{"href":"https:\/\/oh-sheets.com\/comfortmills\/wp-json\/wp\/v2\/types\/page"}],"author":[{"embeddable":true,"href":"https:\/\/oh-sheets.com\/comfortmills\/wp-json\/wp\/v2\/users\/1"}],"replies":[{"embeddable":true,"href":"https:\/\/oh-sheets.com\/comfortmills\/wp-json\/wp\/v2\/comments?post=10183"}],"version-history":[{"count":58,"href":"https:\/\/oh-sheets.com\/comfortmills\/wp-json\/wp\/v2\/pages\/10183\/revisions"}],"predecessor-version":[{"id":15324,"href":"https:\/\/oh-sheets.com\/comfortmills\/wp-json\/wp\/v2\/pages\/10183\/revisions\/15324"}],"wp:attachment":[{"href":"https:\/\/oh-sheets.com\/comfortmills\/wp-json\/wp\/v2\/media?parent=10183"}],"curies":[{"name":"wp","href":"https:\/\/api.w.org\/{rel}","templated":true}]}}